{"id":128,"date":"2024-04-23T08:42:59","date_gmt":"2024-04-23T08:42:59","guid":{"rendered":"https:\/\/yopintoconjotun.decorboom.es\/tienda\/?post_type=product&#038;p=128"},"modified":"2024-04-23T08:52:17","modified_gmt":"2024-04-23T08:52:17","slug":"revestimiento-fachadas-jotun-jotashield-extreme-colors","status":"publish","type":"product","link":"https:\/\/yopintoconjotun.decorboom.es\/tienda\/?product=revestimiento-fachadas-jotun-jotashield-extreme-colors","title":{"rendered":"REVESTIMIENTO FACHADAS JOTUN JOTASHIELD EXTREME COLORS"},"content":{"rendered":"<p>Revestimiento para fachadas 100% acr\u00edlico puro<\/p>\n<p><strong>Cubrici\u00f3n SF*: 13 m2 x litro<\/strong><\/p>\n<p><strong>Precio m2 SF*: 0,57\u20ac (sin IVA y teniendo en cuenta bote de 15l)<\/strong><\/p>\n<p>Revestimiento 100% acr\u00edlico puro de alta calidad, impermeabilizante y transpirable de uso profesional<\/p>\n<p>M\u00e1xima protecci\u00f3n para fachadas<\/p>\n<p>Colores s\u00f3lidos al exterior, gran cubrici\u00f3n y rendimiento<\/p>\n<p>Hasta 12 a\u00f1os de resistencia y protecci\u00f3n<br \/>\nDisponible en carta de colores espec\u00edfica para fachadas.<br \/>\nSi quiere un color consulte nuestras cartas de exterior y p\u00eddenoslo con su referencia. Te daremos el precio exacto.<\/p>\n<p>*Seg\u00fan ficha t\u00e9cnica del fabricante. Precio m2 de una capa (se recomiendan dos manos en cualquier aplicaci\u00f3n)<\/p>\n","protected":false},"excerpt":{"rendered":"<p>Revestimiento para fachadas 100% acr\u00edlico puro<\/p>\n<p><strong>Cubrici\u00f3n SF*: 13 m2 x litro<\/strong><\/p>\n<p><strong>Precio m2 SF*: 0,57\u20ac (sin IVA y teniendo en cuenta bote de 15l)<\/strong><\/p>\n<p>Revestimiento 100% acr\u00edlico puro de alta calidad, impermeabilizante y transpirable de uso profesional<\/p>\n<p>M\u00e1xima protecci\u00f3n para fachadas<\/p>\n<p>Colores s\u00f3lidos al exterior, gran cubrici\u00f3n y rendimiento<\/p>\n<p>Hasta 12 a\u00f1os de resistencia y protecci\u00f3n<br \/>\nDisponible en carta de colores espec\u00edfica para fachadas.<br \/>\nSi quiere un color consulte nuestras cartas de exterior y p\u00eddenoslo con su referencia. Te daremos el precio exacto.<\/p>\n","protected":false},"featured_media":131,"comment_status":"open","ping_status":"closed","template":"","meta":{"site-sidebar-layout":"default","site-content-layout":"","ast-site-content-layout":"default","site-content-style":"default","site-sidebar-style":"default","ast-global-header-display":"","ast-banner-title-visibility":"","ast-main-header-display":"","ast-hfb-above-header-display":"","ast-hfb-below-header-display":"","ast-hfb-mobile-header-display":"","site-post-title":"","ast-breadcrumbs-content":"","ast-featured-img":"","footer-sml-layout":"","theme-transparent-header-meta":"default","adv-header-id-meta":"","stick-header-meta":"","header-above-stick-meta":"","header-main-stick-meta":"","header-below-stick-meta":"","astra-migrate-meta-layouts":"set","ast-page-background-enabled":"default","ast-page-background-meta":{"desktop":{"background-color":"var(--ast-global-color-4)","background-image":"","background-repeat":"repeat","background-position":"center center","background-size":"auto","background-attachment":"scroll","background-type":"","background-media":"","overlay-type":"","overlay-color":"","overlay-gradient":""},"tablet":{"background-color":"","background-image":"","background-repeat":"repeat","background-position":"center center","background-size":"auto","background-attachment":"scroll","background-type":"","background-media":"","overlay-type":"","overlay-color":"","overlay-gradient":""},"mobile":{"background-color":"","background-image":"","background-repeat":"repeat","background-position":"center center","background-size":"auto","background-attachment":"scroll","background-type":"","background-media":"","overlay-type":"","overlay-color":"","overlay-gradient":""}},"ast-content-background-meta":{"desktop":{"background-color":"var(--ast-global-color-5)","background-image":"","background-repeat":"repeat","background-position":"center center","background-size":"auto","background-attachment":"scroll","background-type":"","background-media":"","overlay-type":"","overlay-color":"","overlay-gradient":""},"tablet":{"background-color":"var(--ast-global-color-5)","background-image":"","background-repeat":"repeat","background-position":"center center","background-size":"auto","background-attachment":"scroll","background-type":"","background-media":"","overlay-type":"","overlay-color":"","overlay-gradient":""},"mobile":{"background-color":"var(--ast-global-color-5)","background-image":"","background-repeat":"repeat","background-position":"center center","background-size":"auto","background-attachment":"scroll","background-type":"","background-media":"","overlay-type":"","overlay-color":"","overlay-gradient":""}}},"product_cat":[15,33],"product_tag":[],"class_list":{"0":"post-128","1":"product","2":"type-product","3":"status-publish","4":"has-post-thumbnail","6":"product_cat-productos","7":"product_cat-fachadas","8":"desktop-align-left","9":"tablet-align-left","10":"mobile-align-left","12":"first","13":"instock","14":"sale","15":"taxable","16":"shipping-taxable","17":"product-type-variable"},"_links":{"self":[{"href":"https:\/\/yopintoconjotun.decorboom.es\/tienda\/index.php?rest_route=\/wp\/v2\/product\/128","targetHints":{"allow":["GET"]}}],"collection":[{"href":"https:\/\/yopintoconjotun.decorboom.es\/tienda\/index.php?rest_route=\/wp\/v2\/product"}],"about":[{"href":"https:\/\/yopintoconjotun.decorboom.es\/tienda\/index.php?rest_route=\/wp\/v2\/types\/product"}],"replies":[{"embeddable":true,"href":"https:\/\/yopintoconjotun.decorboom.es\/tienda\/index.php?rest_route=%2Fwp%2Fv2%2Fcomments&post=128"}],"wp:featuredmedia":[{"embeddable":true,"href":"https:\/\/yopintoconjotun.decorboom.es\/tienda\/index.php?rest_route=\/wp\/v2\/media\/131"}],"wp:attachment":[{"href":"https:\/\/yopintoconjotun.decorboom.es\/tienda\/index.php?rest_route=%2Fwp%2Fv2%2Fmedia&parent=128"}],"wp:term":[{"taxonomy":"product_cat","embeddable":true,"href":"https:\/\/yopintoconjotun.decorboom.es\/tienda\/index.php?rest_route=%2Fwp%2Fv2%2Fproduct_cat&post=128"},{"taxonomy":"product_tag","embeddable":true,"href":"https:\/\/yopintoconjotun.decorboom.es\/tienda\/index.php?rest_route=%2Fwp%2Fv2%2Fproduct_tag&post=128"}],"curies":[{"name":"wp","href":"https:\/\/api.w.org\/{rel}","templated":true}]}}